{"id":311,"date":"2025-11-13T12:50:43","date_gmt":"2025-11-13T11:50:43","guid":{"rendered":"https:\/\/www.kohlerevents.es\/?page_id=311"},"modified":"2025-11-13T17:58:13","modified_gmt":"2025-11-13T16:58:13","slug":"eventos-coporativos","status":"publish","type":"page","link":"https:\/\/www.kohlerevents.es\/en\/eventos-coporativos\/","title":{"rendered":"Corporate Events"},"content":{"rendered":"\t\t<div data-elementor-type=\"wp-page\" data-elementor-id=\"311\" class=\"elementor elementor-311\" data-elementor-post-type=\"page\">\n\t\t\t\t<div class=\"elementor-element elementor-element-7d1f2b87 e-flex e-con-boxed e-con e-parent\" data-id=\"7d1f2b87\" data-element_type=\"container\" data-e-type=\"container\" data-settings=\"{&quot;background_background&quot;:&quot;classic&quot;}\">\n\t\t\t\t\t<div class=\"e-con-inner\">\n\t\t<div class=\"elementor-element elementor-element-d19cb58 e-flex e-con-boxed e-con e-child\" data-id=\"d19cb58\" data-element_type=\"container\" data-e-type=\"container\" data-settings=\"{&quot;background_background&quot;:&quot;gradient&quot;}\">\n\t\t\t\t\t<div class=\"e-con-inner\">\n\t\t<div class=\"elementor-element elementor-element-138e52dd e-con-full e-flex e-con e-child\" data-id=\"138e52dd\" data-element_type=\"container\" data-e-type=\"container\">\n\t\t\t\t<div class=\"elementor-element elementor-element-2aa03b4b elementor-invisible elementor-widget elementor-widget-heading\" data-id=\"2aa03b4b\" data-element_type=\"widget\" data-e-type=\"widget\" data-settings=\"{&quot;_animation&quot;:&quot;bounceIn&quot;}\" data-widget_type=\"heading.default\">\n\t\t\t\t\t<h1 class=\"elementor-heading-title elementor-size-default\">Eventos coporativos<\/h1>\t\t\t\t<\/div>\n\t\t\t\t<\/div>\n\t\t\t\t\t<\/div>\n\t\t\t\t<\/div>\n\t\t\t\t\t<\/div>\n\t\t\t\t<\/div>\n\t\t<div class=\"elementor-element elementor-element-74c68855 e-flex e-con-boxed e-con e-parent\" data-id=\"74c68855\" data-element_type=\"container\" data-e-type=\"container\">\n\t\t\t\t\t<div class=\"e-con-inner\">\n\t\t<div class=\"elementor-element elementor-element-79d9721b e-con-full e-flex elementor-invisible e-con e-child\" data-id=\"79d9721b\" data-element_type=\"container\" data-e-type=\"container\" data-settings=\"{&quot;animation&quot;:&quot;fadeInLeft&quot;}\">\n\t\t\t\t<div class=\"elementor-element elementor-element-574da242 elementor-widget elementor-widget-heading\" data-id=\"574da242\" data-element_type=\"widget\" data-e-type=\"widget\" data-widget_type=\"heading.default\">\n\t\t\t\t\t<h2 class=\"elementor-heading-title elementor-size-default\">Eventos corporativos<\/h2>\t\t\t\t<\/div>\n\t\t\t\t<div class=\"elementor-element elementor-element-45b5f2bf elementor-widget elementor-widget-text-editor\" data-id=\"45b5f2bf\" data-element_type=\"widget\" data-e-type=\"widget\" data-widget_type=\"text-editor.default\">\n\t\t\t\t\t\t\t\t\t<p><span style=\"font-weight: 400;\">Contamos con Equipamiento t\u00e9cnico para cubrir cualquier tipo de montaje y hemos participado en el dise\u00f1o, desarrollo, montaje y gesti\u00f3n de personal en eventos corporativos.<\/span><\/p>\t\t\t\t\t\t\t\t<\/div>\n\t\t\t\t<\/div>\n\t\t<div class=\"elementor-element elementor-element-39b83753 e-con-full e-flex e-con e-child\" data-id=\"39b83753\" data-element_type=\"container\" data-e-type=\"container\">\n\t\t\t\t<div class=\"elementor-element elementor-element-4455bcbb elementor-invisible elementor-widget elementor-widget-image\" data-id=\"4455bcbb\" data-element_type=\"widget\" data-e-type=\"widget\" data-settings=\"{&quot;_animation&quot;:&quot;fadeInRight&quot;}\" data-widget_type=\"image.default\">\n\t\t\t\t\t\t\t\t\t\t\t\t\t\t\t<img fetchpriority=\"high\" decoding=\"async\" width=\"2000\" height=\"1126\" src=\"https:\/\/www.kohlerevents.es\/wp-content\/uploads\/2025\/11\/04-EVENTOS.jpeg\" class=\"attachment-full size-full wp-image-277\" alt=\"\" srcset=\"https:\/\/www.kohlerevents.es\/wp-content\/uploads\/2025\/11\/04-EVENTOS.jpeg 2000w, https:\/\/www.kohlerevents.es\/wp-content\/uploads\/2025\/11\/04-EVENTOS-300x169.jpeg 300w, https:\/\/www.kohlerevents.es\/wp-content\/uploads\/2025\/11\/04-EVENTOS-1024x577.jpeg 1024w, https:\/\/www.kohlerevents.es\/wp-content\/uploads\/2025\/11\/04-EVENTOS-768x432.jpeg 768w, https:\/\/www.kohlerevents.es\/wp-content\/uploads\/2025\/11\/04-EVENTOS-1536x865.jpeg 1536w, https:\/\/www.kohlerevents.es\/wp-content\/uploads\/2025\/11\/04-EVENTOS-18x10.jpeg 18w\" sizes=\"(max-width: 2000px) 100vw, 2000px\" \/>\t\t\t\t\t\t\t\t\t\t\t\t\t\t\t<\/div>\n\t\t\t\t<\/div>\n\t\t\t\t\t<\/div>\n\t\t\t\t<\/div>\n\t\t<div class=\"elementor-element elementor-element-5f10b31 e-flex e-con-boxed e-con e-parent\" data-id=\"5f10b31\" data-element_type=\"container\" data-e-type=\"container\">\n\t\t\t\t\t<div class=\"e-con-inner\">\n\t\t<div class=\"elementor-element elementor-element-170d31ba e-flex e-con-boxed elementor-invisible e-con e-child\" data-id=\"170d31ba\" data-element_type=\"container\" data-e-type=\"container\" data-settings=\"{&quot;animation&quot;:&quot;fadeInUp&quot;}\">\n\t\t\t\t\t<div class=\"e-con-inner\">\n\t\t\t\t<div class=\"elementor-element elementor-element-2d43d38a elementor-widget elementor-widget-heading\" data-id=\"2d43d38a\" data-element_type=\"widget\" data-e-type=\"widget\" data-widget_type=\"heading.default\">\n\t\t\t\t\t<h2 class=\"elementor-heading-title elementor-size-default\">Nuestros \u00daltimos Trabajos<\/h2>\t\t\t\t<\/div>\n\t\t\t\t\t<\/div>\n\t\t\t\t<\/div>\n\t\t\t\t\t<\/div>\n\t\t\t\t<\/div>\n\t\t<div class=\"elementor-element elementor-element-fc9dd86 e-flex e-con-boxed e-con e-parent\" data-id=\"fc9dd86\" data-element_type=\"container\" data-e-type=\"container\">\n\t\t\t\t\t<div class=\"e-con-inner\">\n\t\t\t\t<div class=\"elementor-element elementor-element-cbb654d gallery-spacing-custom elementor-widget elementor-widget-image-gallery\" data-id=\"cbb654d\" data-element_type=\"widget\" data-e-type=\"widget\" data-widget_type=\"image-gallery.default\">\n\t\t\t\t\t\t\t<div class=\"elementor-image-gallery\">\n\t\t\t<div id='gallery-1' class='gallery galleryid-311 gallery-columns-4 gallery-size-medium'><figure class='gallery-item'>\n\t\t\t<div class='gallery-icon landscape'>\n\t\t\t\t<a data-elementor-open-lightbox=\"yes\" data-elementor-lightbox-slideshow=\"cbb654d\" data-elementor-lightbox-title=\"Samsung_old_logo_before_year_2015.svg\" data-e-action-hash=\"#elementor-action%3Aaction%3Dlightbox%26settings%3DeyJpZCI6MzIxLCJ1cmwiOiJodHRwczpcL1wvd3d3LmtvaGxlcmV2ZW50cy5lc1wvd3AtY29udGVudFwvdXBsb2Fkc1wvMjAyNVwvMTFcL1NhbXN1bmdfb2xkX2xvZ29fYmVmb3JlX3llYXJfMjAxNS5zdmcucG5nIiwic2xpZGVzaG93IjoiY2JiNjU0ZCJ9\" href='https:\/\/www.kohlerevents.es\/wp-content\/uploads\/2025\/11\/Samsung_old_logo_before_year_2015.svg.png'><img decoding=\"async\" width=\"300\" height=\"100\" src=\"https:\/\/www.kohlerevents.es\/wp-content\/uploads\/2025\/11\/Samsung_old_logo_before_year_2015.svg-300x100.png\" class=\"attachment-medium size-medium\" alt=\"\" srcset=\"https:\/\/www.kohlerevents.es\/wp-content\/uploads\/2025\/11\/Samsung_old_logo_before_year_2015.svg-300x100.png 300w, https:\/\/www.kohlerevents.es\/wp-content\/uploads\/2025\/11\/Samsung_old_logo_before_year_2015.svg-1024x340.png 1024w, https:\/\/www.kohlerevents.es\/wp-content\/uploads\/2025\/11\/Samsung_old_logo_before_year_2015.svg-768x255.png 768w, https:\/\/www.kohlerevents.es\/wp-content\/uploads\/2025\/11\/Samsung_old_logo_before_year_2015.svg-1536x510.png 1536w, https:\/\/www.kohlerevents.es\/wp-content\/uploads\/2025\/11\/Samsung_old_logo_before_year_2015.svg-2048x680.png 2048w, https:\/\/www.kohlerevents.es\/wp-content\/uploads\/2025\/11\/Samsung_old_logo_before_year_2015.svg-18x6.png 18w\" sizes=\"(max-width: 300px) 100vw, 300px\" \/><\/a>\n\t\t\t<\/div><\/figure><figure class='gallery-item'>\n\t\t\t<div class='gallery-icon landscape'>\n\t\t\t\t<a data-elementor-open-lightbox=\"yes\" data-elementor-lightbox-slideshow=\"cbb654d\" data-elementor-lightbox-title=\"TOSHIBA_Logo\" data-e-action-hash=\"#elementor-action%3Aaction%3Dlightbox%26settings%3DeyJpZCI6MzIyLCJ1cmwiOiJodHRwczpcL1wvd3d3LmtvaGxlcmV2ZW50cy5lc1wvd3AtY29udGVudFwvdXBsb2Fkc1wvMjAyNVwvMTFcL1RPU0hJQkFfTG9nby5wbmciLCJzbGlkZXNob3ciOiJjYmI2NTRkIn0%3D\" href='https:\/\/www.kohlerevents.es\/wp-content\/uploads\/2025\/11\/TOSHIBA_Logo.png'><img decoding=\"async\" width=\"300\" height=\"118\" src=\"https:\/\/www.kohlerevents.es\/wp-content\/uploads\/2025\/11\/TOSHIBA_Logo-300x118.png\" class=\"attachment-medium size-medium\" alt=\"\" srcset=\"https:\/\/www.kohlerevents.es\/wp-content\/uploads\/2025\/11\/TOSHIBA_Logo-300x118.png 300w, https:\/\/www.kohlerevents.es\/wp-content\/uploads\/2025\/11\/TOSHIBA_Logo-1024x401.png 1024w, https:\/\/www.kohlerevents.es\/wp-content\/uploads\/2025\/11\/TOSHIBA_Logo-768x301.png 768w, https:\/\/www.kohlerevents.es\/wp-content\/uploads\/2025\/11\/TOSHIBA_Logo-1536x602.png 1536w, https:\/\/www.kohlerevents.es\/wp-content\/uploads\/2025\/11\/TOSHIBA_Logo-18x7.png 18w, https:\/\/www.kohlerevents.es\/wp-content\/uploads\/2025\/11\/TOSHIBA_Logo.png 1547w\" sizes=\"(max-width: 300px) 100vw, 300px\" \/><\/a>\n\t\t\t<\/div><\/figure><figure class='gallery-item'>\n\t\t\t<div class='gallery-icon landscape'>\n\t\t\t\t<a data-elementor-open-lightbox=\"yes\" data-elementor-lightbox-slideshow=\"cbb654d\" data-elementor-lightbox-title=\"Google_2015_logo.svg\" data-e-action-hash=\"#elementor-action%3Aaction%3Dlightbox%26settings%3DeyJpZCI6MzI1LCJ1cmwiOiJodHRwczpcL1wvd3d3LmtvaGxlcmV2ZW50cy5lc1wvd3AtY29udGVudFwvdXBsb2Fkc1wvMjAyNVwvMTFcL0dvb2dsZV8yMDE1X2xvZ28uc3ZnLnBuZyIsInNsaWRlc2hvdyI6ImNiYjY1NGQifQ%3D%3D\" href='https:\/\/www.kohlerevents.es\/wp-content\/uploads\/2025\/11\/Google_2015_logo.svg.png'><img loading=\"lazy\" decoding=\"async\" width=\"272\" height=\"92\" src=\"https:\/\/www.kohlerevents.es\/wp-content\/uploads\/2025\/11\/Google_2015_logo.svg.png\" class=\"attachment-medium size-medium\" alt=\"\" srcset=\"https:\/\/www.kohlerevents.es\/wp-content\/uploads\/2025\/11\/Google_2015_logo.svg.png 272w, https:\/\/www.kohlerevents.es\/wp-content\/uploads\/2025\/11\/Google_2015_logo.svg-18x6.png 18w\" sizes=\"(max-width: 272px) 100vw, 272px\" \/><\/a>\n\t\t\t<\/div><\/figure><figure class='gallery-item'>\n\t\t\t<div class='gallery-icon landscape'>\n\t\t\t\t<a data-elementor-open-lightbox=\"yes\" data-elementor-lightbox-slideshow=\"cbb654d\" data-elementor-lightbox-title=\"Philips_logo.svg\" data-e-action-hash=\"#elementor-action%3Aaction%3Dlightbox%26settings%3DeyJpZCI6MzI3LCJ1cmwiOiJodHRwczpcL1wvd3d3LmtvaGxlcmV2ZW50cy5lc1wvd3AtY29udGVudFwvdXBsb2Fkc1wvMjAyNVwvMTFcL1BoaWxpcHNfbG9nby5zdmcucG5nIiwic2xpZGVzaG93IjoiY2JiNjU0ZCJ9\" href='https:\/\/www.kohlerevents.es\/wp-content\/uploads\/2025\/11\/Philips_logo.svg.png'><img loading=\"lazy\" decoding=\"async\" width=\"300\" height=\"60\" src=\"https:\/\/www.kohlerevents.es\/wp-content\/uploads\/2025\/11\/Philips_logo.svg-300x60.png\" class=\"attachment-medium size-medium\" alt=\"\" srcset=\"https:\/\/www.kohlerevents.es\/wp-content\/uploads\/2025\/11\/Philips_logo.svg-300x60.png 300w, https:\/\/www.kohlerevents.es\/wp-content\/uploads\/2025\/11\/Philips_logo.svg-1024x205.png 1024w, https:\/\/www.kohlerevents.es\/wp-content\/uploads\/2025\/11\/Philips_logo.svg-768x154.png 768w, https:\/\/www.kohlerevents.es\/wp-content\/uploads\/2025\/11\/Philips_logo.svg-1536x307.png 1536w, https:\/\/www.kohlerevents.es\/wp-content\/uploads\/2025\/11\/Philips_logo.svg-2048x410.png 2048w, https:\/\/www.kohlerevents.es\/wp-content\/uploads\/2025\/11\/Philips_logo.svg-18x4.png 18w\" sizes=\"(max-width: 300px) 100vw, 300px\" \/><\/a>\n\t\t\t<\/div><\/figure>\n\t\t<\/div>\n\t\t<\/div>\n\t\t\t\t\t\t<\/div>\n\t\t\t\t\t<\/div>\n\t\t\t\t<\/div>\n\t\t<div class=\"elementor-element elementor-element-d5a5232 e-flex e-con-boxed e-con e-parent\" data-id=\"d5a5232\" data-element_type=\"container\" data-e-type=\"container\" data-settings=\"{&quot;background_background&quot;:&quot;gradient&quot;}\">\n\t\t\t\t\t<div class=\"e-con-inner\">\n\t\t<div class=\"elementor-element elementor-element-bf4f348 e-con-full e-flex elementor-invisible e-con e-child\" data-id=\"bf4f348\" data-element_type=\"container\" data-e-type=\"container\" data-settings=\"{&quot;animation&quot;:&quot;fadeIn&quot;,&quot;animation_delay&quot;:200}\">\n\t\t\t\t<div class=\"elementor-element elementor-element-7757f63 elementor-widget elementor-widget-heading\" data-id=\"7757f63\" data-element_type=\"widget\" data-e-type=\"widget\" data-widget_type=\"heading.default\">\n\t\t\t\t\t<h6 class=\"elementor-heading-title elementor-size-default\">RESERVA TU CITA<\/h6>\t\t\t\t<\/div>\n\t\t\t\t<div class=\"elementor-element elementor-element-4d5c6b0 elementor-widget elementor-widget-heading\" data-id=\"4d5c6b0\" data-element_type=\"widget\" data-e-type=\"widget\" data-widget_type=\"heading.default\">\n\t\t\t\t\t<h2 class=\"elementor-heading-title elementor-size-default\">Agenda una reuni\u00f3n con nuestro equipo\n<\/h2>\t\t\t\t<\/div>\n\t\t\t\t<div class=\"elementor-element elementor-element-c0f2ddf elementor-widget elementor-widget-text-editor\" data-id=\"c0f2ddf\" data-element_type=\"widget\" data-e-type=\"widget\" data-widget_type=\"text-editor.default\">\n\t\t\t\t\t\t\t\t\t<p class=\"p1\">Coordina un encuentro con <span class=\"s1\"><b>Kohler Events<\/b><\/span> para planificar tu pr\u00f3ximo espect\u00e1culo o proyecto audiovisual. Nuestro equipo te asesorar\u00e1 en cada detalle para garantizar una producci\u00f3n impecable.<\/p>\t\t\t\t\t\t\t\t<\/div>\n\t\t\t\t<\/div>\n\t\t\t\t\t<\/div>\n\t\t\t\t<\/div>\n\t\t<div class=\"elementor-element elementor-element-f061f4a e-flex e-con-boxed e-con e-parent\" data-id=\"f061f4a\" data-element_type=\"container\" data-e-type=\"container\" data-settings=\"{&quot;background_background&quot;:&quot;classic&quot;}\">\n\t\t\t\t\t<div class=\"e-con-inner\">\n\t\t<div class=\"elementor-element elementor-element-4fb7b3b e-con-full e-flex elementor-invisible e-con e-child\" data-id=\"4fb7b3b\" data-element_type=\"container\" data-e-type=\"container\" data-settings=\"{&quot;background_background&quot;:&quot;gradient&quot;,&quot;animation&quot;:&quot;fadeInUp&quot;}\">\n\t\t\t\t<div class=\"elementor-element elementor-element-2f5ee12 elementor-button-align-stretch elementor-widget elementor-widget-form\" data-id=\"2f5ee12\" data-element_type=\"widget\" data-e-type=\"widget\" data-settings=\"{&quot;step_next_label&quot;:&quot;Next&quot;,&quot;step_previous_label&quot;:&quot;Previous&quot;,&quot;button_width&quot;:&quot;100&quot;,&quot;step_type&quot;:&quot;number_text&quot;,&quot;step_icon_shape&quot;:&quot;circle&quot;}\" data-widget_type=\"form.default\">\n\t\t\t\t\t\t\t<form class=\"elementor-form\" method=\"post\" name=\"New Form\" aria-label=\"New Form\">\n\t\t\t<input type=\"hidden\" name=\"post_id\" value=\"311\"\/>\n\t\t\t<input type=\"hidden\" name=\"form_id\" value=\"2f5ee12\"\/>\n\t\t\t<input type=\"hidden\" name=\"referer_title\" value=\"Eventos coporativos - Kohler Events\" \/>\n\n\t\t\t\t\t\t\t<input type=\"hidden\" name=\"queried_id\" value=\"311\"\/>\n\t\t\t\n\t\t\t<div class=\"elementor-form-fields-wrapper elementor-labels-above\">\n\t\t\t\t\t\t\t\t<div class=\"elementor-field-type-text elementor-field-group elementor-column elementor-field-group-name elementor-col-50 elementor-sm-50 elementor-field-required\">\n\t\t\t\t\t\t\t\t\t\t\t\t<label for=\"form-field-name\" class=\"elementor-field-label\">\n\t\t\t\t\t\t\t\tNombre\t\t\t\t\t\t\t<\/label>\n\t\t\t\t\t\t\t\t\t\t\t\t\t\t<input size=\"1\" type=\"text\" name=\"form_fields[name]\" id=\"form-field-name\" class=\"elementor-field elementor-size-md  elementor-field-textual\" placeholder=\"Nombre\" required=\"required\">\n\t\t\t\t\t\t\t\t\t\t\t<\/div>\n\t\t\t\t\t\t\t\t<div class=\"elementor-field-type-text elementor-field-group elementor-column elementor-field-group-field_c4c23cd elementor-col-50 elementor-sm-50\">\n\t\t\t\t\t\t\t\t\t\t\t\t<label for=\"form-field-field_c4c23cd\" class=\"elementor-field-label\">\n\t\t\t\t\t\t\t\tEmpresa\t\t\t\t\t\t\t<\/label>\n\t\t\t\t\t\t\t\t\t\t\t\t\t\t<input size=\"1\" type=\"text\" name=\"form_fields[field_c4c23cd]\" id=\"form-field-field_c4c23cd\" class=\"elementor-field elementor-size-md  elementor-field-textual\" placeholder=\"Empresa\">\n\t\t\t\t\t\t\t\t\t\t\t<\/div>\n\t\t\t\t\t\t\t\t<div class=\"elementor-field-type-tel elementor-field-group elementor-column elementor-field-group-email elementor-col-50 elementor-sm-50 elementor-field-required\">\n\t\t\t\t\t\t\t\t\t\t\t\t<label for=\"form-field-email\" class=\"elementor-field-label\">\n\t\t\t\t\t\t\t\tTel\u00e9fono\t\t\t\t\t\t\t<\/label>\n\t\t\t\t\t\t\t\t<input size=\"1\" type=\"tel\" name=\"form_fields[email]\" id=\"form-field-email\" class=\"elementor-field elementor-size-md  elementor-field-textual\" placeholder=\"Tel\u00e9fono\" required=\"required\" pattern=\"[0-9()#&amp;+*-=.]+\" title=\"Only numbers and phone characters (#, -, *, etc) are accepted.\">\n\n\t\t\t\t\t\t<\/div>\n\t\t\t\t\t\t\t\t<div class=\"elementor-field-type-email elementor-field-group elementor-column elementor-field-group-field_1d6ddac elementor-col-50 elementor-sm-50 elementor-field-required\">\n\t\t\t\t\t\t\t\t\t\t\t\t<label for=\"form-field-field_1d6ddac\" class=\"elementor-field-label\">\n\t\t\t\t\t\t\t\tCorreo electr\u00f3nico\t\t\t\t\t\t\t<\/label>\n\t\t\t\t\t\t\t\t\t\t\t\t\t\t<input size=\"1\" type=\"email\" name=\"form_fields[field_1d6ddac]\" id=\"form-field-field_1d6ddac\" class=\"elementor-field elementor-size-md  elementor-field-textual\" placeholder=\"Correo electr\u00f3nico\" required=\"required\">\n\t\t\t\t\t\t\t\t\t\t\t<\/div>\n\t\t\t\t\t\t\t\t<div class=\"elementor-field-type-date elementor-field-group elementor-column elementor-field-group-field_c685e16 elementor-col-50 elementor-field-required\">\n\t\t\t\t\t\t\t\t\t\t\t\t<label for=\"form-field-field_c685e16\" class=\"elementor-field-label\">\n\t\t\t\t\t\t\t\tFecha de la reuni\u00f3n\t\t\t\t\t\t\t<\/label>\n\t\t\t\t\t\t\n\t\t<input type=\"date\" name=\"form_fields[field_c685e16]\" id=\"form-field-field_c685e16\" class=\"elementor-field elementor-size-md  elementor-field-textual elementor-date-field elementor-use-native\" placeholder=\"Fecha de la reuni\u00f3n\" required=\"required\" pattern=\"[0-9]{4}-[0-9]{2}-[0-9]{2}\">\n\t\t\t\t\t\t<\/div>\n\t\t\t\t\t\t\t\t<div class=\"elementor-field-type-select elementor-field-group elementor-column elementor-field-group-field_b24eaad elementor-col-50 elementor-field-required\">\n\t\t\t\t\t\t\t\t\t\t\t\t<label for=\"form-field-field_b24eaad\" class=\"elementor-field-label\">\n\t\t\t\t\t\t\t\tServicio\t\t\t\t\t\t\t<\/label>\n\t\t\t\t\t\t\t\t<div class=\"elementor-field elementor-select-wrapper remove-before \">\n\t\t\t<div class=\"select-caret-down-wrapper\">\n\t\t\t\t<svg aria-hidden=\"true\" class=\"e-font-icon-svg e-eicon-caret-down\" viewBox=\"0 0 571.4 571.4\" xmlns=\"http:\/\/www.w3.org\/2000\/svg\"><path d=\"M571 393Q571 407 561 418L311 668Q300 679 286 679T261 668L11 418Q0 407 0 393T11 368 36 357H536Q550 357 561 368T571 393Z\"><\/path><\/svg>\t\t\t<\/div>\n\t\t\t<select name=\"form_fields[field_b24eaad]\" id=\"form-field-field_b24eaad\" class=\"elementor-field-textual elementor-size-md\" required=\"required\">\n\t\t\t\t\t\t\t\t\t<option value=\"Producci\u00f3n T\u00e9cnica\">Producci\u00f3n T\u00e9cnica<\/option>\n\t\t\t\t\t\t\t\t\t<option value=\"Equipamiento\">Equipamiento<\/option>\n\t\t\t\t\t\t\t\t\t<option value=\"Direcci\u00f3n de Evento\">Direcci\u00f3n de Evento<\/option>\n\t\t\t\t\t\t\t\t\t<option value=\"Consultor\u00eda\">Consultor\u00eda<\/option>\n\t\t\t\t\t\t\t<\/select>\n\t\t<\/div>\n\t\t\t\t\t\t<\/div>\n\t\t\t\t\t\t\t\t<div class=\"elementor-field-type-textarea elementor-field-group elementor-column elementor-field-group-message elementor-col-100\">\n\t\t\t\t\t\t\t\t\t\t\t\t<label for=\"form-field-message\" class=\"elementor-field-label\">\n\t\t\t\t\t\t\t\tComentarios\t\t\t\t\t\t\t<\/label>\n\t\t\t\t\t\t<textarea class=\"elementor-field-textual elementor-field  elementor-size-md\" name=\"form_fields[message]\" id=\"form-field-message\" rows=\"4\" placeholder=\"Detalles del evento\"><\/textarea>\t\t\t\t<\/div>\n\t\t\t\t\t\t\t\t<div class=\"elementor-field-group elementor-column elementor-field-type-submit elementor-col-100 e-form__buttons\">\n\t\t\t\t\t<button class=\"elementor-button elementor-size-md\" type=\"submit\">\n\t\t\t\t\t\t<span class=\"elementor-button-content-wrapper\">\n\t\t\t\t\t\t\t\t\t\t\t\t\t\t\t\t\t\t\t\t\t\t<span class=\"elementor-button-text\">Reservar Ahora<\/span>\n\t\t\t\t\t\t\t\t\t\t\t\t\t<\/span>\n\t\t\t\t\t<\/button>\n\t\t\t\t<\/div>\n\t\t\t<\/div>\n\t\t<\/form>\n\t\t\t\t\t\t<\/div>\n\t\t\t\t<\/div>\n\t\t\t\t\t<\/div>\n\t\t\t\t<\/div>\n\t\t\t\t<\/div>\n\t\t","protected":false},"excerpt":{"rendered":"<p>Eventos coporativos Eventos corporativos Contamos con Equipamiento t\u00e9cnico para cubrir cualquier tipo de montaje y hemos participado en el dise\u00f1o, desarrollo, montaje y gesti\u00f3n de personal en eventos corporativos. Nuestros \u00daltimos Trabajos RESERVA TU CITA Agenda una reuni\u00f3n con nuestro equipo Coordina un encuentro con Kohler Events para planificar tu pr\u00f3ximo espect\u00e1culo o proyecto audiovisual. [&hellip;]<\/p>\n","protected":false},"author":2,"featured_media":0,"parent":0,"menu_order":0,"comment_status":"closed","ping_status":"closed","template":"elementor_header_footer","meta":{"inline_featured_image":false,"footnotes":""},"class_list":["post-311","page","type-page","status-publish","hentry"],"_links":{"self":[{"href":"https:\/\/www.kohlerevents.es\/en\/wp-json\/wp\/v2\/pages\/311","targetHints":{"allow":["GET"]}}],"collection":[{"href":"https:\/\/www.kohlerevents.es\/en\/wp-json\/wp\/v2\/pages"}],"about":[{"href":"https:\/\/www.kohlerevents.es\/en\/wp-json\/wp\/v2\/types\/page"}],"author":[{"embeddable":true,"href":"https:\/\/www.kohlerevents.es\/en\/wp-json\/wp\/v2\/users\/2"}],"replies":[{"embeddable":true,"href":"https:\/\/www.kohlerevents.es\/en\/wp-json\/wp\/v2\/comments?post=311"}],"version-history":[{"count":9,"href":"https:\/\/www.kohlerevents.es\/en\/wp-json\/wp\/v2\/pages\/311\/revisions"}],"predecessor-version":[{"id":434,"href":"https:\/\/www.kohlerevents.es\/en\/wp-json\/wp\/v2\/pages\/311\/revisions\/434"}],"wp:attachment":[{"href":"https:\/\/www.kohlerevents.es\/en\/wp-json\/wp\/v2\/media?parent=311"}],"curies":[{"name":"wp","href":"https:\/\/api.w.org\/{rel}","templated":true}]}}